{"id":6234,"date":"2018-07-16T16:51:05","date_gmt":"2018-07-16T16:51:05","guid":{"rendered":"https:\/\/www.info4escorts.be\/testing\/"},"modified":"2025-07-26T08:43:52","modified_gmt":"2025-07-26T06:43:52","slug":"testiranje","status":"publish","type":"page","link":"https:\/\/www.info4escorts.be\/sr\/testiranje\/","title":{"rendered":"TESTIRANJE"},"content":{"rendered":"<p>[et_pb_section fb_built=&#8220;1&#8243; _builder_version=&#8220;4.16&#8243; background_color=&#8220;#f9f9f9&#8243; global_colors_info=&#8220;{}&#8220;][et_pb_row custom_padding_last_edited=&#8220;on|tablet&#8220; admin_label=&#8220;Red&#8220; module_id=&#8220;testen&#8220; module_class=&#8220;destination&#8220; _builder_version=&#8220;4.16&#8243; background_color=&#8220;#ffffff&#8220; background_size=&#8220;initial&#8220; background_position=&#8220;top_left&#8220; background_repeat=&#8220;repeat&#8220; custom_margin=&#8220;20px|||&#8220; custom_padding=&#8220;25px|30px|25px|30px&#8220; custom_padding_tablet=&#8220;100px|30px|25px|30px&#8220; custom_padding_phone=&#8220;&#8220; global_colors_info=&#8220;{}&#8220;][et_pb_column type=&#8220;4_4&#8243; _builder_version=&#8220;4.16&#8243; custom_padding=&#8220;|||&#8220; global_colors_info=&#8220;{}&#8220; custom_padding__hover=&#8220;|||&#8220;][et_pb_text admin_label=&#8220;TESTEN &#8211; TESTS&#8220; _builder_version=&#8220;4.16&#8243; z_index_tablet=&#8220;500&#8243; global_colors_info=&#8220;{}&#8220;]<\/p>\n<h3 class=\"Textbody\"><strong>TESTIRANJE<\/strong><\/h3>\n<p>[\/et_pb_text][et_pb_divider divider_weight=&#8220;5&#8243; _builder_version=&#8220;4.16&#8243; max_width=&#8220;40px&#8220; height=&#8220;0px&#8220; custom_margin=&#8220;0px|||&#8220; global_colors_info=&#8220;{}&#8220;][\/et_pb_divider][et_pb_text admin_label=&#8220;Wanneer waar &#8211; quand o\u00f9&#8220; _builder_version=&#8220;4.27.4&#8243; vertical_offset_tablet=&#8220;0&#8243; horizontal_offset_tablet=&#8220;0&#8243; hover_enabled=&#8220;0&#8243; z_index_tablet=&#8220;500&#8243; box_shadow_horizontal_tablet=&#8220;0px&#8220; box_shadow_vertical_tablet=&#8220;0px&#8220; box_shadow_blur_tablet=&#8220;40px&#8220; box_shadow_spread_tablet=&#8220;0px&#8220; global_colors_info=&#8220;{}&#8220; sticky_enabled=&#8220;0&#8243;]<\/p>\n<h5>Kada se testirati?<\/h5>\n<ul>\n<li>Pre po\u010detka seksualnog rada:\n<ul>\n<li>Zapo\u010dnite sa op\u0161tim SPB \/ HIV testom<\/li>\n<li>Vakcini\u0161ite se protiv hepatitisa A i hepatitisa B<\/li>\n<li>Testirajte se na tuberkulozu<\/li>\n<\/ul>\n<\/li>\n<\/ul>\n<ul>\n<li style=\"list-style-type: none;\">\u00a0<\/li>\n<\/ul>\n<ul>\n<li>Ako imate simptome SPB, mislite da ste se zarazili HIV-om ili ste imali nebezbedan kontakt, nemojte \u010dekati da se testirate<\/li>\n<\/ul>\n<h5>Gde?<\/h5>\n<ul>\n<li>(Periodi\u010dan) soa\/hiv-test:\n<ul>\n<li>Kod Va\u0161eg lekara, u medicinskom centru ili u centru za pomoc\u0301<\/li>\n<li>Kod socijalnih organizacija za seksualne radnike(ce):\n<ul>\n<li><a href=\"https:\/\/alias.brussels\/\" target=\"_blank\" rel=\"noopener\">ALIAS<\/a> BRUSSEL<\/li>\n<li><a href=\"https:\/\/boysproject.be\/\" target=\"_blank\" rel=\"noopener\">BOYSPROJECT<\/a> ANTWERPEN<\/li>\n<li><a href=\"http:\/\/www.entre2wallonie.com\" target=\"_blank\" rel=\"noopener noreferrer\">ENTRE2<\/a> CHARLEROI<\/li>\n<li><a href=\"http:\/\/www.espacep.be\" target=\"_blank\" rel=\"noopener noreferrer\">ESPACE P<\/a> LI\u00c8GE BRUXELLES MONS CHARLEROI ARLON NAMUR<\/li>\n<li><a href=\"http:\/\/www.icar-wallonie.be\/notre-asbl\/permanences\/\" target=\"_blank\" rel=\"noopener noreferrer\">ICAR WALLONI\u00cb<\/a> LUIK\u00a0 SERAING<\/li>\n<li><a href=\"https:\/\/www.violett.be\/nl\/\" target=\"_blank\" rel=\"noopener noreferrer\">VIOLETT<\/a> ANTWERPEN GENT HASSELT<\/li>\n<\/ul>\n<\/li>\n<\/ul>\n<\/li>\n<\/ul>\n<ul>\n<li>Ako ste bili izlo\u017eeni riziku od HIV-a, oti\u0111ite na brzi HIV test kod:\n<ul>\n<li><a href=\"https:\/\/www.itg.be\/N\/helpcenter\" target=\"_blank\" rel=\"noopener noreferrer\">helpcentrum<\/a> od ITG-a u Antwerpenu<\/li>\n<li><a href=\"https:\/\/www.stpierre-bru.be\/nl\/diensten\/infectiologie\/elisa-centrum-hiv\/in-het-kort-331?lng=nl\" target=\"_blank\" rel=\"noopener noreferrer\">Elisacentrum<\/a> u Briselu<\/li>\n<\/ul>\n<\/li>\n<li>Ako ste imali rizi\u010dan seks sa klijentom za koga znate da je HIV pozitivan:\n<ul>\n<li>Po\u017eeljno je da se nakon rizi\u010dne situacije \u0161to pre, po moguc\u0301nosti u roku od 48 sati obratite jednom od centara <a href=\"http:\/\/www.levenmethiv.be\/hulp\/aidsreferentiecentrum\" target=\"_blank\" rel=\"noopener noreferrer\">aidsreferentiecentrum<\/a><\/li>\n<li>Mogu\u0107e je da \u0107ete ispunjavati kriterije za <a href=\"https:\/\/www.levenmethiv.be\/seksualiteit\/pep-starten-na-kans-op-hiv\" target=\"_blank\" rel=\"noopener noreferrer\">PEP-behandeling<\/a><\/li>\n<\/ul>\n<\/li>\n<\/ul>\n<ul>\n<li>Ako \u017eelite da se testirate na SPB\/HIV, mo\u017eete\n<ul>\n<li>naru\u010diti i obaviti <a href=\"https:\/\/www.test2know.eu\/\" target=\"_blank\" rel=\"noopener noreferrer\">Test2know-test<\/a><\/li>\n<li>samostalno uraditi testiranje na HIV. Ovaj test mo\u017eete kupiti bez recepta u apoteci<\/li>\n<\/ul>\n<\/li>\n<\/ul>\n<p>[\/et_pb_text][et_pb_video src=&#8220;https:\/\/www.youtube.com\/watch?v=KixtMO1vOKg&#8220; _builder_version=&#8220;4.16&#8243; global_colors_info=&#8220;{}&#8220;][\/et_pb_video][et_pb_text admin_label=&#8220;VRGT&#8220; _builder_version=&#8220;4.16&#8243; vertical_offset_tablet=&#8220;0&#8243; horizontal_offset_tablet=&#8220;0&#8243; z_index_tablet=&#8220;500&#8243; box_shadow_horizontal_tablet=&#8220;0px&#8220; box_shadow_vertical_tablet=&#8220;0px&#8220; box_shadow_blur_tablet=&#8220;40px&#8220; box_shadow_spread_tablet=&#8220;0px&#8220; global_colors_info=&#8220;{}&#8220;]<\/p>\n<ul>\n<li>Test za tuberkulozu mo\u017eete obaviti, kod nekog od\u00a0<a href=\"https:\/\/tuberculose.vrgt.be\/contact\" target=\"_blank\" rel=\"noopener noreferrer\">CRG<\/a> centara ili kod <a href=\"https:\/\/www.fares.be\/\" target=\"_blank\" rel=\"noopener noreferrer\">Far\u00e8s<\/a><\/li>\n<\/ul>\n<p>[\/et_pb_text][\/et_pb_column][\/et_pb_row][\/et_pb_section]<\/p>\n","protected":false},"excerpt":{"rendered":"<p>TESTIRANJE Kada se testirati? Pre po\u010detka seksualnog rada: Zapo\u010dnite sa op\u0161tim SPB \/ HIV testom Vakcini\u0161ite se protiv hepatitisa A i hepatitisa B Testirajte se na tuberkulozu \u00a0 Ako imate simptome SPB, mislite da ste se zarazili HIV-om ili ste imali nebezbedan kontakt, nemojte \u010dekati da se testirate Gde? (Periodi\u010dan) soa\/hiv-test: Kod Va\u0161eg lekara, u [&hellip;]<\/p>\n","protected":false},"author":21,"featured_media":0,"parent":0,"menu_order":37,"comment_status":"closed","ping_status":"closed","template":"","meta":{"_et_pb_use_builder":"on","_et_pb_old_content":"","_et_gb_content_width":"","footnotes":""},"class_list":["post-6234","page","type-page","status-publish","hentry"],"_links":{"self":[{"href":"https:\/\/www.info4escorts.be\/sr\/wp-json\/wp\/v2\/pages\/6234","targetHints":{"allow":["GET"]}}],"collection":[{"href":"https:\/\/www.info4escorts.be\/sr\/wp-json\/wp\/v2\/pages"}],"about":[{"href":"https:\/\/www.info4escorts.be\/sr\/wp-json\/wp\/v2\/types\/page"}],"author":[{"embeddable":true,"href":"https:\/\/www.info4escorts.be\/sr\/wp-json\/wp\/v2\/users\/21"}],"replies":[{"embeddable":true,"href":"https:\/\/www.info4escorts.be\/sr\/wp-json\/wp\/v2\/comments?post=6234"}],"version-history":[{"count":17,"href":"https:\/\/www.info4escorts.be\/sr\/wp-json\/wp\/v2\/pages\/6234\/revisions"}],"predecessor-version":[{"id":19664,"href":"https:\/\/www.info4escorts.be\/sr\/wp-json\/wp\/v2\/pages\/6234\/revisions\/19664"}],"wp:attachment":[{"href":"https:\/\/www.info4escorts.be\/sr\/wp-json\/wp\/v2\/media?parent=6234"}],"curies":[{"name":"wp","href":"https:\/\/api.w.org\/{rel}","templated":true}]}}