{"id":6233,"date":"2018-07-16T16:51:05","date_gmt":"2018-07-16T16:51:05","guid":{"rendered":"https:\/\/www.info4escorts.be\/testing\/"},"modified":"2025-07-26T08:43:04","modified_gmt":"2025-07-26T06:43:04","slug":"testing","status":"publish","type":"page","link":"https:\/\/www.info4escorts.be\/ro\/testing\/","title":{"rendered":"Testarea"},"content":{"rendered":"<p>[et_pb_section fb_built=&#8221;1&#8243; _builder_version=&#8221;4.16&#8243; background_color=&#8221;#f9f9f9&#8243; global_colors_info=&#8221;{}&#8221;][et_pb_row custom_padding_last_edited=&#8221;on|tablet&#8221; admin_label=&#8221;R\u00e2nd&#8221; module_id=&#8221;testen&#8221; module_class=&#8221;destination&#8221; _builder_version=&#8221;4.16&#8243; background_color=&#8221;#ffffff&#8221; background_size=&#8221;initial&#8221; background_position=&#8221;top_left&#8221; background_repeat=&#8221;repeat&#8221; custom_margin=&#8221;20px|||&#8221; custom_padding=&#8221;25px|30px|25px|30px&#8221; custom_padding_tablet=&#8221;100px|30px|25px|30px&#8221; custom_padding_phone=&#8221;&#8221; global_colors_info=&#8221;{}&#8221;][et_pb_column type=&#8221;4_4&#8243; _builder_version=&#8221;4.16&#8243; custom_padding=&#8221;|||&#8221; global_colors_info=&#8221;{}&#8221; custom_padding__hover=&#8221;|||&#8221;][et_pb_text admin_label=&#8221;TESTEN &#8211; TESTS&#8221; _builder_version=&#8221;4.16&#8243; z_index_tablet=&#8221;500&#8243; text_text_shadow_horizontal_length_tablet=&#8221;0px&#8221; text_text_shadow_vertical_length_tablet=&#8221;0px&#8221; text_text_shadow_blur_strength_tablet=&#8221;1px&#8221; link_text_shadow_horizontal_length_tablet=&#8221;0px&#8221; link_text_shadow_vertical_length_tablet=&#8221;0px&#8221; link_text_shadow_blur_strength_tablet=&#8221;1px&#8221; ul_text_shadow_horizontal_length_tablet=&#8221;0px&#8221; ul_text_shadow_vertical_length_tablet=&#8221;0px&#8221; ul_text_shadow_blur_strength_tablet=&#8221;1px&#8221; ol_text_shadow_horizontal_length_tablet=&#8221;0px&#8221; ol_text_shadow_vertical_length_tablet=&#8221;0px&#8221; ol_text_shadow_blur_strength_tablet=&#8221;1px&#8221; quote_text_shadow_horizontal_length_tablet=&#8221;0px&#8221; quote_text_shadow_vertical_length_tablet=&#8221;0px&#8221; quote_text_shadow_blur_strength_tablet=&#8221;1px&#8221; header_text_shadow_horizontal_length_tablet=&#8221;0px&#8221; header_text_shadow_vertical_length_tablet=&#8221;0px&#8221; header_text_shadow_blur_strength_tablet=&#8221;1px&#8221; header_2_text_shadow_horizontal_length_tablet=&#8221;0px&#8221; header_2_text_shadow_vertical_length_tablet=&#8221;0px&#8221; header_2_text_shadow_blur_strength_tablet=&#8221;1px&#8221; header_3_text_shadow_horizontal_length_tablet=&#8221;0px&#8221; header_3_text_shadow_vertical_length_tablet=&#8221;0px&#8221; header_3_text_shadow_blur_strength_tablet=&#8221;1px&#8221; header_4_text_shadow_horizontal_length_tablet=&#8221;0px&#8221; header_4_text_shadow_vertical_length_tablet=&#8221;0px&#8221; header_4_text_shadow_blur_strength_tablet=&#8221;1px&#8221; header_5_text_shadow_horizontal_length_tablet=&#8221;0px&#8221; header_5_text_shadow_vertical_length_tablet=&#8221;0px&#8221; header_5_text_shadow_blur_strength_tablet=&#8221;1px&#8221; header_6_text_shadow_horizontal_length_tablet=&#8221;0px&#8221; header_6_text_shadow_vertical_length_tablet=&#8221;0px&#8221; header_6_text_shadow_blur_strength_tablet=&#8221;1px&#8221; box_shadow_horizontal_tablet=&#8221;0px&#8221; box_shadow_vertical_tablet=&#8221;0px&#8221; box_shadow_blur_tablet=&#8221;40px&#8221; box_shadow_spread_tablet=&#8221;0px&#8221; global_colors_info=&#8221;{}&#8221;]<\/p>\n<h3 class=\"Textbody\"><strong>TESTAREA<\/strong><\/h3>\n<p>[\/et_pb_text][et_pb_divider divider_weight=&#8221;5&#8243; _builder_version=&#8221;4.16&#8243; max_width=&#8221;40px&#8221; height=&#8221;0px&#8221; custom_margin=&#8221;0px|||&#8221; global_colors_info=&#8221;{}&#8221;][\/et_pb_divider][et_pb_text admin_label=&#8221;Wanneer waar &#8211; quand o\u00f9&#8221; _builder_version=&#8221;4.27.4&#8243; vertical_offset_tablet=&#8221;0&#8243; horizontal_offset_tablet=&#8221;0&#8243; hover_enabled=&#8221;0&#8243; z_index_tablet=&#8221;500&#8243; text_text_shadow_horizontal_length_tablet=&#8221;0px&#8221; text_text_shadow_vertical_length_tablet=&#8221;0px&#8221; text_text_shadow_blur_strength_tablet=&#8221;1px&#8221; link_text_shadow_horizontal_length_tablet=&#8221;0px&#8221; link_text_shadow_vertical_length_tablet=&#8221;0px&#8221; link_text_shadow_blur_strength_tablet=&#8221;1px&#8221; ul_text_shadow_horizontal_length_tablet=&#8221;0px&#8221; ul_text_shadow_vertical_length_tablet=&#8221;0px&#8221; ul_text_shadow_blur_strength_tablet=&#8221;1px&#8221; ol_text_shadow_horizontal_length_tablet=&#8221;0px&#8221; ol_text_shadow_vertical_length_tablet=&#8221;0px&#8221; ol_text_shadow_blur_strength_tablet=&#8221;1px&#8221; quote_text_shadow_horizontal_length_tablet=&#8221;0px&#8221; quote_text_shadow_vertical_length_tablet=&#8221;0px&#8221; quote_text_shadow_blur_strength_tablet=&#8221;1px&#8221; header_text_shadow_horizontal_length_tablet=&#8221;0px&#8221; header_text_shadow_vertical_length_tablet=&#8221;0px&#8221; header_text_shadow_blur_strength_tablet=&#8221;1px&#8221; header_2_text_shadow_horizontal_length_tablet=&#8221;0px&#8221; header_2_text_shadow_vertical_length_tablet=&#8221;0px&#8221; header_2_text_shadow_blur_strength_tablet=&#8221;1px&#8221; header_3_text_shadow_horizontal_length_tablet=&#8221;0px&#8221; header_3_text_shadow_vertical_length_tablet=&#8221;0px&#8221; header_3_text_shadow_blur_strength_tablet=&#8221;1px&#8221; header_4_text_shadow_horizontal_length_tablet=&#8221;0px&#8221; header_4_text_shadow_vertical_length_tablet=&#8221;0px&#8221; header_4_text_shadow_blur_strength_tablet=&#8221;1px&#8221; header_5_text_shadow_horizontal_length_tablet=&#8221;0px&#8221; header_5_text_shadow_vertical_length_tablet=&#8221;0px&#8221; header_5_text_shadow_blur_strength_tablet=&#8221;1px&#8221; header_6_text_shadow_horizontal_length_tablet=&#8221;0px&#8221; header_6_text_shadow_vertical_length_tablet=&#8221;0px&#8221; header_6_text_shadow_blur_strength_tablet=&#8221;1px&#8221; box_shadow_horizontal_tablet=&#8221;0px&#8221; box_shadow_vertical_tablet=&#8221;0px&#8221; box_shadow_blur_tablet=&#8221;40px&#8221; box_shadow_spread_tablet=&#8221;0px&#8221; global_colors_info=&#8221;{}&#8221; sticky_enabled=&#8221;0&#8243;]<\/p>\n<h5><strong>C\u00e2nd s\u0103 te testezi?<\/strong><\/h5>\n<ul>\n<li>\u00a0\u00cenainte de a \u00eencepe munca sexual\u0103:\n<ul>\n<li>\u00cencepe cu un test generic de boli cu transmitere sexual\u0103 \/ HIV<\/li>\n<li>Vaccineaz\u0103-te \u00eempotriva Hepatitei A \u0219i Hepatitei B<\/li>\n<li>F\u0103-\u021bi testul pentru tuberculoz\u0103<\/li>\n<\/ul>\n<\/li>\n<li>Dac\u0103 ave\u021bi simptome de boli cu transmitere sexual\u0103, crede\u021bi c\u0103 a\u021bi contractat HIV sau a\u021bi avut contact nesigur, nu a\u0219tepta\u021bi s\u0103 v\u0103 face\u021bi testul<\/li>\n<\/ul>\n<h5><strong>Unde?<\/strong><\/h5>\n<ul>\n<li>Un test periodic (boli cu transmitere sexual\u0103 \/ HIV):\n<ul>\n<li>La medicul de familie, \u00eentr-un centru medical sau \u00eentr-un centru de ajutor<\/li>\n<li>La organiza\u021bii sociale pentru munc\u0103 sexual\u0103:\n<ul>\n<li><a href=\"https:\/\/alias.brussels\/\" target=\"_blank\" rel=\"noopener\">ALIAS<\/a> BRUSSEL<\/li>\n<li><a href=\"https:\/\/boysproject.be\/\" target=\"_blank\" rel=\"noopener\">BOYSPROJECT<\/a>\u00a0ANTWERP<\/li>\n<li><a href=\"http:\/\/www.entre2wallonie.com\/\" target=\"_blank\" rel=\"noopener noreferrer\">ENTRE2<\/a>\u00a0CHARLEROI<\/li>\n<li><a href=\"http:\/\/www.espacep.be\/\" target=\"_blank\" rel=\"noopener noreferrer\">ESPACE P<\/a>\u00a0LI\u00c8GE BRUXELLES MONS CHARLEROI ARLON NAMUR<\/li>\n<li><a href=\"http:\/\/www.icar-wallonie.be\/notre-asbl\/permanences\/\" target=\"_blank\" rel=\"noopener noreferrer\">ICAR WALLONI\u00cb<\/a>\u00a0LUIK\u00a0 SERAING<\/li>\n<li><a href=\"https:\/\/www.violett.be\/nl\/laat-je-testen\/\" target=\"_blank\" rel=\"noopener noreferrer\">VIOLETT<\/a>\u00a0ANTWERP GENTH\u00a0 HASSELT<\/li>\n<\/ul>\n<\/li>\n<\/ul>\n<\/li>\n<li>Dac\u0103 e\u0219ti \u00een pericol de a fi contractat HIV, f\u0103 un test rapid HIV la:\n<ul>\n<li><a href=\"https:\/\/www.itg.be\/E\/helpcenter\" target=\"_blank\" rel=\"noopener noreferrer\">Centrul de ajutor<\/a>\u00a0ITM din Anvers<\/li>\n<li><a href=\"https:\/\/www.stpierre-bru.be\/nl\/diensten\/infectiologie\/elisa-centrum-hiv\/in-het-kort-331?lng=nl\" target=\"_blank\" rel=\"noopener\">Centrul Elisa<\/a> din Bruxelles<\/li>\n<\/ul>\n<\/li>\n<li>Ai f\u0103cut sex riscant cu un client despre care \u0219tii c\u0103 este HIV-pozitiv:\n<ul>\n<li>Cel mai bine mergi la un centru de trimitere pentru SIDA c\u00e2t mai cur\u00e2nd posibil dup\u0103 situa\u021bia de risc \u0219i, de preferin\u021b\u0103, \u00een maxim 48 de ore<\/li>\n<li>Este posibil s\u0103 fii eligibil pentru un <a href=\"https:\/\/guide.aspasie.ch\/ro\/chapter\/sanatatea\/profilaxia-post-expunere-profesionalappe-sau-tratement-de-urgenta-impotriva-infectarii-cu-virusul-hiv\/\" target=\"_blank\" rel=\"noopener noreferrer\">tratament PEP<\/a><\/li>\n<\/ul>\n<\/li>\n<\/ul>\n<ul>\n<li>Dac\u0103 dore\u0219ti s\u0103 te testezi pentru transmitere sexual\u0103\/HIV, po\u021bi:\n<ul>\n<li>Comanda \u0219i efectua un test <a href=\"https:\/\/www.test2know.eu\/\" target=\"_blank\" rel=\"noopener noreferrer\">Test2know<\/a><\/li>\n<li>F\u0103 un auto-test HIV. Se poate cump\u0103ra de la un farmacist f\u0103r\u0103 prescrip\u021bie medical\u0103<\/li>\n<\/ul>\n<\/li>\n<\/ul>\n<p>[\/et_pb_text][et_pb_video src=&#8221;https:\/\/youtu.be\/geLDPUJ855w&#8221; image_src=&#8221;\/\/i.ytimg.com\/vi\/geLDPUJ855w\/hqdefault.jpg&#8221; _builder_version=&#8221;4.16&#8243; z_index_tablet=&#8221;500&#8243; box_shadow_horizontal_tablet=&#8221;0px&#8221; box_shadow_vertical_tablet=&#8221;0px&#8221; box_shadow_blur_tablet=&#8221;40px&#8221; box_shadow_spread_tablet=&#8221;0px&#8221; global_colors_info=&#8221;{}&#8221;][\/et_pb_video][et_pb_text admin_label=&#8221;VRGT&#8221; _builder_version=&#8221;4.18.0&#8243; vertical_offset_tablet=&#8221;0&#8243; horizontal_offset_tablet=&#8221;0&#8243; z_index_tablet=&#8221;500&#8243; text_text_shadow_horizontal_length_tablet=&#8221;0px&#8221; text_text_shadow_vertical_length_tablet=&#8221;0px&#8221; text_text_shadow_blur_strength_tablet=&#8221;1px&#8221; link_text_shadow_horizontal_length_tablet=&#8221;0px&#8221; link_text_shadow_vertical_length_tablet=&#8221;0px&#8221; link_text_shadow_blur_strength_tablet=&#8221;1px&#8221; ul_text_shadow_horizontal_length_tablet=&#8221;0px&#8221; ul_text_shadow_vertical_length_tablet=&#8221;0px&#8221; ul_text_shadow_blur_strength_tablet=&#8221;1px&#8221; ol_text_shadow_horizontal_length_tablet=&#8221;0px&#8221; ol_text_shadow_vertical_length_tablet=&#8221;0px&#8221; ol_text_shadow_blur_strength_tablet=&#8221;1px&#8221; quote_text_shadow_horizontal_length_tablet=&#8221;0px&#8221; quote_text_shadow_vertical_length_tablet=&#8221;0px&#8221; quote_text_shadow_blur_strength_tablet=&#8221;1px&#8221; header_text_shadow_horizontal_length_tablet=&#8221;0px&#8221; header_text_shadow_vertical_length_tablet=&#8221;0px&#8221; header_text_shadow_blur_strength_tablet=&#8221;1px&#8221; header_2_text_shadow_horizontal_length_tablet=&#8221;0px&#8221; header_2_text_shadow_vertical_length_tablet=&#8221;0px&#8221; header_2_text_shadow_blur_strength_tablet=&#8221;1px&#8221; header_3_text_shadow_horizontal_length_tablet=&#8221;0px&#8221; header_3_text_shadow_vertical_length_tablet=&#8221;0px&#8221; header_3_text_shadow_blur_strength_tablet=&#8221;1px&#8221; header_4_text_shadow_horizontal_length_tablet=&#8221;0px&#8221; header_4_text_shadow_vertical_length_tablet=&#8221;0px&#8221; header_4_text_shadow_blur_strength_tablet=&#8221;1px&#8221; header_5_text_shadow_horizontal_length_tablet=&#8221;0px&#8221; header_5_text_shadow_vertical_length_tablet=&#8221;0px&#8221; header_5_text_shadow_blur_strength_tablet=&#8221;1px&#8221; header_6_text_shadow_horizontal_length_tablet=&#8221;0px&#8221; header_6_text_shadow_vertical_length_tablet=&#8221;0px&#8221; header_6_text_shadow_blur_strength_tablet=&#8221;1px&#8221; box_shadow_horizontal_tablet=&#8221;0px&#8221; box_shadow_vertical_tablet=&#8221;0px&#8221; box_shadow_blur_tablet=&#8221;40px&#8221; box_shadow_spread_tablet=&#8221;0px&#8221; global_colors_info=&#8221;{}&#8221;]<\/p>\n<ul>\n<li>\u00a0Po\u021bi efectua un test de tuberculoz\u0103 la un\u00a0<a href=\"https:\/\/tuberculose.vrgt.be\/contact\" target=\"_blank\" rel=\"noopener noreferrer\">CRG<\/a> sau la <a href=\"https:\/\/www.fares.be\/\" target=\"_blank\" rel=\"noopener\">Far\u00e8s<\/a><\/li>\n<\/ul>\n<p>[\/et_pb_text][\/et_pb_column][\/et_pb_row][\/et_pb_section]<\/p>\n","protected":false},"excerpt":{"rendered":"<p>TESTAREA C\u00e2nd s\u0103 te testezi? \u00a0\u00cenainte de a \u00eencepe munca sexual\u0103: \u00cencepe cu un test generic de boli cu transmitere sexual\u0103 \/ HIV Vaccineaz\u0103-te \u00eempotriva Hepatitei A \u0219i Hepatitei B F\u0103-\u021bi testul pentru tuberculoz\u0103 Dac\u0103 ave\u021bi simptome de boli cu transmitere sexual\u0103, crede\u021bi c\u0103 a\u021bi contractat HIV sau a\u021bi avut contact nesigur, nu a\u0219tepta\u021bi s\u0103 [&hellip;]<\/p>\n","protected":false},"author":21,"featured_media":0,"parent":0,"menu_order":37,"comment_status":"closed","ping_status":"closed","template":"","meta":{"_et_pb_use_builder":"on","_et_pb_old_content":"","_et_gb_content_width":"","footnotes":""},"class_list":["post-6233","page","type-page","status-publish","hentry"],"_links":{"self":[{"href":"https:\/\/www.info4escorts.be\/ro\/wp-json\/wp\/v2\/pages\/6233","targetHints":{"allow":["GET"]}}],"collection":[{"href":"https:\/\/www.info4escorts.be\/ro\/wp-json\/wp\/v2\/pages"}],"about":[{"href":"https:\/\/www.info4escorts.be\/ro\/wp-json\/wp\/v2\/types\/page"}],"author":[{"embeddable":true,"href":"https:\/\/www.info4escorts.be\/ro\/wp-json\/wp\/v2\/users\/21"}],"replies":[{"embeddable":true,"href":"https:\/\/www.info4escorts.be\/ro\/wp-json\/wp\/v2\/comments?post=6233"}],"version-history":[{"count":17,"href":"https:\/\/www.info4escorts.be\/ro\/wp-json\/wp\/v2\/pages\/6233\/revisions"}],"predecessor-version":[{"id":19662,"href":"https:\/\/www.info4escorts.be\/ro\/wp-json\/wp\/v2\/pages\/6233\/revisions\/19662"}],"wp:attachment":[{"href":"https:\/\/www.info4escorts.be\/ro\/wp-json\/wp\/v2\/media?parent=6233"}],"curies":[{"name":"wp","href":"https:\/\/api.w.org\/{rel}","templated":true}]}}