{"id":6232,"date":"2018-07-16T16:51:05","date_gmt":"2018-07-16T16:51:05","guid":{"rendered":"https:\/\/www.info4escorts.be\/testing\/"},"modified":"2025-07-26T08:41:50","modified_gmt":"2025-07-26T06:41:50","slug":"testes","status":"publish","type":"page","link":"https:\/\/www.info4escorts.be\/pt-pt\/testes\/","title":{"rendered":"Testes"},"content":{"rendered":"<p>[et_pb_section fb_built=&#8221;1&#8243; _builder_version=&#8221;4.16&#8243; background_color=&#8221;#f9f9f9&#8243; global_colors_info=&#8221;{}&#8221;][et_pb_row custom_padding_last_edited=&#8221;on|tablet&#8221; admin_label=&#8221;Row&#8221; module_id=&#8221;testen&#8221; module_class=&#8221;destination&#8221; _builder_version=&#8221;4.16&#8243; background_color=&#8221;#ffffff&#8221; background_size=&#8221;initial&#8221; background_position=&#8221;top_left&#8221; background_repeat=&#8221;repeat&#8221; custom_margin=&#8221;20px|||&#8221; custom_padding=&#8221;25px|30px|25px|30px&#8221; custom_padding_tablet=&#8221;100px|30px|25px|30px&#8221; custom_padding_phone=&#8221;&#8221; global_colors_info=&#8221;{}&#8221;][et_pb_column type=&#8221;4_4&#8243; _builder_version=&#8221;4.16&#8243; custom_padding=&#8221;|||&#8221; global_colors_info=&#8221;{}&#8221; custom_padding__hover=&#8221;|||&#8221;][et_pb_text admin_label=&#8221;TESTEN &#8211; TESTS&#8221; _builder_version=&#8221;4.16&#8243; z_index_tablet=&#8221;500&#8243; global_colors_info=&#8221;{}&#8221;]<\/p>\n<h3 class=\"Textbody\"><strong>TESTES<\/strong><\/h3>\n<p>[\/et_pb_text][et_pb_divider divider_weight=&#8221;5&#8243; _builder_version=&#8221;4.16&#8243; max_width=&#8221;40px&#8221; height=&#8221;0px&#8221; custom_margin=&#8221;0px|||&#8221; global_colors_info=&#8221;{}&#8221;][\/et_pb_divider][et_pb_text admin_label=&#8221;Wanneer waar &#8211; quand o\u00f9&#8221; _builder_version=&#8221;4.27.4&#8243; vertical_offset_tablet=&#8221;0&#8243; horizontal_offset_tablet=&#8221;0&#8243; hover_enabled=&#8221;0&#8243; z_index_tablet=&#8221;500&#8243; box_shadow_horizontal_tablet=&#8221;0px&#8221; box_shadow_vertical_tablet=&#8221;0px&#8221; box_shadow_blur_tablet=&#8221;40px&#8221; box_shadow_spread_tablet=&#8221;0px&#8221; global_colors_info=&#8221;{}&#8221; sticky_enabled=&#8221;0&#8243;]<\/p>\n<p><strong>Quando fazer o teste?<\/strong><\/p>\n<ul>\n<li>Antes do trabalho do sexo:\n<ul>\n<li>Come\u00e7a por um teste geral do VIH e outras IST<\/li>\n<li>Efetua a vacina\u00e7\u00e3o para as hepatites virais A e B<\/li>\n<li>Faz o teste da tuberculose<\/li>\n<\/ul>\n<\/li>\n<li>Se voc\u00ea tiver sintomas de uma IST, achar que contraiu HIV ou teve contato inseguro, n\u00e3o espere para fazer o teste<\/li>\n<\/ul>\n<p><strong>Onde fazer o teste?<\/strong><\/p>\n<ul>\n<li>Para o teste regular do VIH e outras IST, podes recorrer a:\n<ul>\n<li>o m\u00e9dico de fam\u00edlia, um centro de sa\u00fade ou um centro de apoio<\/li>\n<li>organiza\u00e7\u00f5es sociais para trabalhadores(as) do sexo:\n<ul>\n<li><a href=\"https:\/\/alias.brussels\/\" target=\"_blank\" rel=\"noopener\">ALIAS<\/a> BRUXELAS<\/li>\n<li><a href=\"https:\/\/boysproject.be\/\" target=\"_blank\" rel=\"noopener\">BOYSPROJECT<\/a> ANTU\u00c9RPIA<\/li>\n<li><a href=\"http:\/\/www.entre2wallonie.com\/\" target=\"_blank\" rel=\"noopener noreferrer\">ENTRE2<\/a> CHARLEROI<\/li>\n<li><a href=\"http:\/\/www.espacep.be\/\" target=\"_blank\" rel=\"noopener noreferrer\">ESPACE P<\/a> LI\u00c8GE BRUXELAS MONS CHARLEROI ARLON NAMUR<\/li>\n<li><a href=\"http:\/\/www.icar-wallonie.be\/notre-asbl\/permanences\/\" target=\"_blank\" rel=\"noopener noreferrer\">ICAR WALLONI\u00cb<\/a> LI\u00c8GE SERAING<\/li>\n<li><a href=\"https:\/\/www.violett.be\/nl\/\" target=\"_blank\" rel=\"noopener\">VIOLETT<\/a> ANTU\u00c9RPIA GANDE \u00a0HASSELT<\/li>\n<\/ul>\n<\/li>\n<\/ul>\n<\/li>\n<li>Se puderes ter estado exposto ao VIH, faz um teste r\u00e1pido do VIH:\n<ul>\n<li>no <a href=\"https:\/\/www.itg.be\/N\/helpcenter\" target=\"_blank\" rel=\"noopener noreferrer\">centro<\/a> de apoio da ITG na Antu\u00e9rpia<\/li>\n<li>no <a href=\"https:\/\/www.stpierre-bru.be\/nl\/onze-consultatiediensten\/\" target=\"_blank\" rel=\"noopener\">centro Elisa<\/a> em Bruxelas<\/li>\n<\/ul>\n<\/li>\n<li>Se tiveres tido um contacto sexual de risco com um cliente VIH-positivo:\n<ul>\n<li>Recorre a um <a href=\"https:\/\/www.levenmethiv.be\/vivre-avec-le-vih\" target=\"_blank\" rel=\"noopener noreferrer\">centro<\/a> de refer\u00eancia na \u00e1rea da SIDA o mais rapidamente poss\u00edvel, preferencialmente nas primeiras 48 horas<\/li>\n<\/ul>\n<\/li>\n<\/ul>\n<ul>\n<li>\u00c9 poss\u00edvel que sejas selecionado para aceder ao tratamento da <a href=\"https:\/\/www.hiv.gov\/hiv-basics\/hiv-prevention\/using-hiv-medication-to-reduce-risk\/post-exposure-prophylaxis\" target=\"_blank\" rel=\"noopener noreferrer\">PEP<\/a><\/li>\n<\/ul>\n<ul>\n<li>Se quiseres fazer o teste do VIH em casa, \u00e9 poss\u00edvel<\/li>\n<\/ul>\n<ul>\n<li style=\"list-style-type: none;\">\n<ul>\n<li>comprares e fazeres um teste do IST\/VIH atrav\u00e9s do <em>site<\/em> <a href=\"https:\/\/www.test2know.eu\/\" target=\"_blank\" rel=\"noopener noreferrer\">Test2know<\/a><\/li>\n<li>fazeres um autoteste do VIH. Est\u00e1 dispon\u00edvel em farm\u00e1cias sem receita m\u00e9dica.<\/li>\n<\/ul>\n<\/li>\n<\/ul>\n<p>[\/et_pb_text][et_pb_video src=&#8221;https:\/\/youtu.be\/qQrc9DMFNUo&#8221; _builder_version=&#8221;4.16&#8243; z_index_tablet=&#8221;500&#8243; box_shadow_horizontal_tablet=&#8221;0px&#8221; box_shadow_vertical_tablet=&#8221;0px&#8221; box_shadow_blur_tablet=&#8221;40px&#8221; box_shadow_spread_tablet=&#8221;0px&#8221; global_colors_info=&#8221;{}&#8221;][\/et_pb_video][et_pb_text admin_label=&#8221;VRGT&#8221; _builder_version=&#8221;4.16&#8243; vertical_offset_tablet=&#8221;0&#8243; horizontal_offset_tablet=&#8221;0&#8243; z_index_tablet=&#8221;500&#8243; box_shadow_horizontal_tablet=&#8221;0px&#8221; box_shadow_vertical_tablet=&#8221;0px&#8221; box_shadow_blur_tablet=&#8221;40px&#8221; box_shadow_spread_tablet=&#8221;0px&#8221; global_colors_info=&#8221;{}&#8221;]<\/p>\n<ul>\n<li>O teste da tuberculose pode ser feito numa <a href=\"https:\/\/tuberculose.vrgt.be\/contact\" target=\"_blank\" rel=\"noopener noreferrer\">CRG<\/a> ou em <a href=\"https:\/\/www.fares.be\/\" target=\"_blank\" rel=\"noopener noreferrer\">Far\u00e8s<\/a><\/li>\n<\/ul>\n<p>[\/et_pb_text][\/et_pb_column][\/et_pb_row][\/et_pb_section]<\/p>\n","protected":false},"excerpt":{"rendered":"<p>TESTES Quando fazer o teste? Antes do trabalho do sexo: Come\u00e7a por um teste geral do VIH e outras IST Efetua a vacina\u00e7\u00e3o para as hepatites virais A e B Faz o teste da tuberculose Se voc\u00ea tiver sintomas de uma IST, achar que contraiu HIV ou teve contato inseguro, n\u00e3o espere para fazer o [&hellip;]<\/p>\n","protected":false},"author":21,"featured_media":0,"parent":0,"menu_order":37,"comment_status":"closed","ping_status":"closed","template":"","meta":{"_et_pb_use_builder":"on","_et_pb_old_content":"","_et_gb_content_width":"","footnotes":""},"class_list":["post-6232","page","type-page","status-publish","hentry"],"_links":{"self":[{"href":"https:\/\/www.info4escorts.be\/pt-pt\/wp-json\/wp\/v2\/pages\/6232","targetHints":{"allow":["GET"]}}],"collection":[{"href":"https:\/\/www.info4escorts.be\/pt-pt\/wp-json\/wp\/v2\/pages"}],"about":[{"href":"https:\/\/www.info4escorts.be\/pt-pt\/wp-json\/wp\/v2\/types\/page"}],"author":[{"embeddable":true,"href":"https:\/\/www.info4escorts.be\/pt-pt\/wp-json\/wp\/v2\/users\/21"}],"replies":[{"embeddable":true,"href":"https:\/\/www.info4escorts.be\/pt-pt\/wp-json\/wp\/v2\/comments?post=6232"}],"version-history":[{"count":19,"href":"https:\/\/www.info4escorts.be\/pt-pt\/wp-json\/wp\/v2\/pages\/6232\/revisions"}],"predecessor-version":[{"id":19660,"href":"https:\/\/www.info4escorts.be\/pt-pt\/wp-json\/wp\/v2\/pages\/6232\/revisions\/19660"}],"wp:attachment":[{"href":"https:\/\/www.info4escorts.be\/pt-pt\/wp-json\/wp\/v2\/media?parent=6232"}],"curies":[{"name":"wp","href":"https:\/\/api.w.org\/{rel}","templated":true}]}}