{"id":4540,"date":"2019-01-28T16:43:38","date_gmt":"2019-01-28T14:43:38","guid":{"rendered":"http:\/\/premium18.totaalholding.nl\/~info4e1q\/?page_id=4540"},"modified":"2025-07-26T08:38:10","modified_gmt":"2025-07-26T06:38:10","slug":"tests","status":"publish","type":"page","link":"https:\/\/www.info4escorts.be\/fr\/tests\/","title":{"rendered":"Tests"},"content":{"rendered":"<p>[et_pb_section fb_built=\u00a0\u00bb1&Prime; _builder_version=\u00a0\u00bb4.16&Prime; background_color=\u00a0\u00bb#f9f9f9&Prime; global_colors_info=\u00a0\u00bb{}\u00a0\u00bb][et_pb_row custom_padding_last_edited=\u00a0\u00bbon|tablet\u00a0\u00bb admin_label=\u00a0\u00bbLigne\u00a0\u00bb module_id=\u00a0\u00bbtesten\u00a0\u00bb module_class=\u00a0\u00bbdestination\u00a0\u00bb _builder_version=\u00a0\u00bb4.16&Prime; background_color=\u00a0\u00bb#ffffff\u00a0\u00bb background_size=\u00a0\u00bbinitial\u00a0\u00bb background_position=\u00a0\u00bbtop_left\u00a0\u00bb background_repeat=\u00a0\u00bbrepeat\u00a0\u00bb custom_margin=\u00a0\u00bb20px|||\u00a0\u00bb custom_padding=\u00a0\u00bb25px|30px|25px|30px\u00a0\u00bb custom_padding_tablet=\u00a0\u00bb100px|30px|25px|30px\u00a0\u00bb custom_padding_phone=\u00a0\u00bb\u00a0\u00bb global_colors_info=\u00a0\u00bb{}\u00a0\u00bb][et_pb_column type=\u00a0\u00bb4_4&Prime; _builder_version=\u00a0\u00bb4.16&Prime; custom_padding=\u00a0\u00bb|||\u00a0\u00bb global_colors_info=\u00a0\u00bb{}\u00a0\u00bb custom_padding__hover=\u00a0\u00bb|||\u00a0\u00bb][et_pb_text admin_label=\u00a0\u00bbTESTEN &#8211; TESTS\u00a0\u00bb _builder_version=\u00a0\u00bb4.16&Prime; global_colors_info=\u00a0\u00bb{}\u00a0\u00bb]<\/p>\n<h3 class=\"Textbody\"><strong>TESTS<\/strong><\/h3>\n<p>[\/et_pb_text][et_pb_divider divider_weight=\u00a0\u00bb5&Prime; _builder_version=\u00a0\u00bb4.16&Prime; max_width=\u00a0\u00bb40px\u00a0\u00bb height=\u00a0\u00bb0px\u00a0\u00bb custom_margin=\u00a0\u00bb0px|||\u00a0\u00bb global_colors_info=\u00a0\u00bb{}\u00a0\u00bb]<br \/>\n[\/et_pb_divider][et_pb_text admin_label=\u00a0\u00bbWanneer waar &#8211; quand o\u00f9\u00a0\u00bb _builder_version=\u00a0\u00bb4.27.4&Prime; vertical_offset_tablet=\u00a0\u00bb0&Prime; horizontal_offset_tablet=\u00a0\u00bb0&Prime; z_index_tablet=\u00a0\u00bb500&Prime; box_shadow_horizontal_tablet=\u00a0\u00bb0px\u00a0\u00bb box_shadow_vertical_tablet=\u00a0\u00bb0px\u00a0\u00bb box_shadow_blur_tablet=\u00a0\u00bb40px\u00a0\u00bb box_shadow_spread_tablet=\u00a0\u00bb0px\u00a0\u00bb global_colors_info=\u00a0\u00bb{}\u00a0\u00bb]<\/p>\n<h5>Quand faire des tests ?<\/h5>\n<ul>\n<li>Avant de commencer le travail sexuel :\n<ul>\n<li>Commencez par un test g\u00e9n\u00e9ral de d\u00e9pistage des IST et du VIH<\/li>\n<li>Se faire vacciner contre l&rsquo;h\u00e9patite A et l&rsquo;h\u00e9patite B<\/li>\n<li>Passez un test de d\u00e9pistage de la tuberculose<\/li>\n<\/ul>\n<\/li>\n<li>Si vous pr\u00e9sentez des sympt\u00f4mes d&rsquo;une IST, si vous pensez avoir contract\u00e9 le VIH ou si vous avez eu un contact dangereux, n&rsquo;attendez pas pour vous faire tester.<\/li>\n<\/ul>\n<h5>O\u00f9?<\/h5>\n<ul>\n<li>Un test IST\/VIH (p\u00e9riodique) :\n<ul>\n<li>Chez votre m\u00e9decin g\u00e9n\u00e9raliste, dans un centre m\u00e9dical ou dans un centre d&rsquo;aide<\/li>\n<li>Chez les organisations sociales pour les professionnel(le)s du sexe :\n<ul>\n<li><a href=\"https:\/\/alias.brussels\/\" target=\"_blank\" rel=\"noopener noreferrer\">ALIAS<\/a> BRUXELLES<\/li>\n<li><a href=\"http:\/\/www.boysproject.be\" target=\"_blank\" rel=\"noopener\">BOYSPROJECT<\/a> ANVERS<\/li>\n<li><a href=\"http:\/\/www.entre2wallonie.com\" target=\"_blank\" rel=\"noopener noreferrer\">ENTRE2<\/a> CHARLEROI<\/li>\n<li><a href=\"http:\/\/www.espacep.be\" target=\"_blank\" rel=\"noopener noreferrer\">ESPACE P<\/a> LI\u00c8GE BRUXELLES MONS CHARLEROI ARLON NAMUR<\/li>\n<li><a href=\"http:\/\/www.icar-wallonie.be\/notre-asbl\/permanences\/\" target=\"_blank\" rel=\"noopener noreferrer\">ICAR WALLONI\u00cb<\/a> LUIK\u00a0 SERAING<\/li>\n<li><a href=\"https:\/\/www.violett.be\/nl\/laat-je-testen\/\" target=\"_blank\" rel=\"noopener noreferrer\">VIOLETT<\/a> ANVERS GAND\u00a0 HASSELT<\/li>\n<\/ul>\n<\/li>\n<li>Si vous avez couru un risque de contracter le VIH, faites un test rapide du VIH au :\n<ul>\n<li><a href=\"https:\/\/www.itg.be\/N\/helpcenter\" target=\"_blank\" rel=\"noopener noreferrer\">Centre d&rsquo;aide de l&rsquo;<\/a> ITG \u00e0 Anvers<\/li>\n<li><a href=\"https:\/\/www.stpierre-bru.be\/patients-visiteurs-hospitalisation\/hospitalisation-classique\/visites\/\" target=\"_blank\" rel=\"noopener noreferrer\">Centre ELISA<\/a> \u00e0 Bruxelles<\/li>\n<\/ul>\n<\/li>\n<li>Avez-vous eu des rapports sexuels \u00e0 risque avec un client dont vous savez qu\u2019il est s\u00e9ropositif ?\n<ul>\n<li>Il est pr\u00e9f\u00e9rable de se rendre dans un <a href=\"http:\/\/myprep.be\/?page_id=63\" target=\"_blank\" rel=\"noopener noreferrer\">centre de r\u00e9f\u00e9rence sida<\/a> d\u00e8s que possible et de pr\u00e9f\u00e9rence dans les 48 heures apr\u00e8s la situation \u00e0 risque<\/li>\n<li>Peut-\u00eatre, vous entrez en ligne de compte pour un <a href=\"https:\/\/preventionsida.org\/sida-lessentiel\/quand-on-vient-de-prendre-un-risque\/\" target=\"_blank\" rel=\"noopener noreferrer\">traitement TPE<\/a><\/li>\n<\/ul>\n<\/li>\n<li>Si vous souhaitez vous tester pour le IST\/VIH, vous pouvez\n<ul>\n<li>Commander et effectuer un test <a href=\"https:\/\/www.test2know.eu\/\" target=\"_blank\" rel=\"noopener noreferrer\">Test2know<\/a><\/li>\n<li>Faire un autotest du VIH. Vous pouvez vous les procurer sans ordonnance \u00e0 la pharmacie<\/li>\n<\/ul>\n<\/li>\n<\/ul>\n<\/li>\n<\/ul>\n<p>[\/et_pb_text][et_pb_video src=\u00a0\u00bbhttps:\/\/www.youtube.com\/watch?v=qQrc9DMFNUo\u00a0\u00bb _builder_version=\u00a0\u00bb4.16&Prime; global_colors_info=\u00a0\u00bb{}\u00a0\u00bb]<br \/>\n[\/et_pb_video][et_pb_text admin_label=\u00a0\u00bbVRGT\u00a0\u00bb _builder_version=\u00a0\u00bb4.16&Prime; vertical_offset_tablet=\u00a0\u00bb0&Prime; horizontal_offset_tablet=\u00a0\u00bb0&Prime; z_index_tablet=\u00a0\u00bb0&Prime; text_text_shadow_horizontal_length_tablet=\u00a0\u00bb0px\u00a0\u00bb text_text_shadow_vertical_length_tablet=\u00a0\u00bb0px\u00a0\u00bb text_text_shadow_blur_strength_tablet=\u00a0\u00bb1px\u00a0\u00bb link_text_shadow_horizontal_length_tablet=\u00a0\u00bb0px\u00a0\u00bb link_text_shadow_vertical_length_tablet=\u00a0\u00bb0px\u00a0\u00bb link_text_shadow_blur_strength_tablet=\u00a0\u00bb1px\u00a0\u00bb ul_text_shadow_horizontal_length_tablet=\u00a0\u00bb0px\u00a0\u00bb ul_text_shadow_vertical_length_tablet=\u00a0\u00bb0px\u00a0\u00bb ul_text_shadow_blur_strength_tablet=\u00a0\u00bb1px\u00a0\u00bb ol_text_shadow_horizontal_length_tablet=\u00a0\u00bb0px\u00a0\u00bb ol_text_shadow_vertical_length_tablet=\u00a0\u00bb0px\u00a0\u00bb ol_text_shadow_blur_strength_tablet=\u00a0\u00bb1px\u00a0\u00bb quote_text_shadow_horizontal_length_tablet=\u00a0\u00bb0px\u00a0\u00bb quote_text_shadow_vertical_length_tablet=\u00a0\u00bb0px\u00a0\u00bb quote_text_shadow_blur_strength_tablet=\u00a0\u00bb1px\u00a0\u00bb header_text_shadow_horizontal_length_tablet=\u00a0\u00bb0px\u00a0\u00bb header_text_shadow_vertical_length_tablet=\u00a0\u00bb0px\u00a0\u00bb header_text_shadow_blur_strength_tablet=\u00a0\u00bb1px\u00a0\u00bb header_2_text_shadow_horizontal_length_tablet=\u00a0\u00bb0px\u00a0\u00bb header_2_text_shadow_vertical_length_tablet=\u00a0\u00bb0px\u00a0\u00bb header_2_text_shadow_blur_strength_tablet=\u00a0\u00bb1px\u00a0\u00bb header_3_text_shadow_horizontal_length_tablet=\u00a0\u00bb0px\u00a0\u00bb header_3_text_shadow_vertical_length_tablet=\u00a0\u00bb0px\u00a0\u00bb header_3_text_shadow_blur_strength_tablet=\u00a0\u00bb1px\u00a0\u00bb header_4_text_shadow_horizontal_length_tablet=\u00a0\u00bb0px\u00a0\u00bb header_4_text_shadow_vertical_length_tablet=\u00a0\u00bb0px\u00a0\u00bb header_4_text_shadow_blur_strength_tablet=\u00a0\u00bb1px\u00a0\u00bb header_5_text_shadow_horizontal_length_tablet=\u00a0\u00bb0px\u00a0\u00bb header_5_text_shadow_vertical_length_tablet=\u00a0\u00bb0px\u00a0\u00bb header_5_text_shadow_blur_strength_tablet=\u00a0\u00bb1px\u00a0\u00bb header_6_text_shadow_horizontal_length_tablet=\u00a0\u00bb0px\u00a0\u00bb header_6_text_shadow_vertical_length_tablet=\u00a0\u00bb0px\u00a0\u00bb header_6_text_shadow_blur_strength_tablet=\u00a0\u00bb1px\u00a0\u00bb box_shadow_horizontal_tablet=\u00a0\u00bb0px\u00a0\u00bb box_shadow_vertical_tablet=\u00a0\u00bb0px\u00a0\u00bb box_shadow_blur_tablet=\u00a0\u00bb40px\u00a0\u00bb box_shadow_spread_tablet=\u00a0\u00bb0px\u00a0\u00bb global_colors_info=\u00a0\u00bb{}\u00a0\u00bb]<\/p>\n<ul>\n<li>Vous pouvez faire un test de tuberculose entre autres \u00e0 la\u00a0<a href=\"https:\/\/tuberculose.vrgt.be\/contact\" target=\"_blank\" rel=\"noopener noreferrer\">CRG<\/a> ou au <a href=\"https:\/\/www.fares.be\/\" target=\"_blank\" rel=\"noopener noreferrer\">Far\u00e8s<\/a><\/li>\n<\/ul>\n<p>[\/et_pb_text][\/et_pb_column][\/et_pb_row][\/et_pb_section]<\/p>\n","protected":false},"excerpt":{"rendered":"<p>TESTS Quand faire des tests ? Avant de commencer le travail sexuel : Commencez par un test g\u00e9n\u00e9ral de d\u00e9pistage des IST et du VIH Se faire vacciner contre l&rsquo;h\u00e9patite A et l&rsquo;h\u00e9patite B Passez un test de d\u00e9pistage de la tuberculose Si vous pr\u00e9sentez des sympt\u00f4mes d&rsquo;une IST, si vous pensez avoir contract\u00e9 le [&hellip;]<\/p>\n","protected":false},"author":2,"featured_media":0,"parent":0,"menu_order":37,"comment_status":"closed","ping_status":"closed","template":"","meta":{"_et_pb_use_builder":"on","_et_pb_old_content":"","_et_gb_content_width":"","footnotes":""},"class_list":["post-4540","page","type-page","status-publish","hentry"],"_links":{"self":[{"href":"https:\/\/www.info4escorts.be\/fr\/wp-json\/wp\/v2\/pages\/4540","targetHints":{"allow":["GET"]}}],"collection":[{"href":"https:\/\/www.info4escorts.be\/fr\/wp-json\/wp\/v2\/pages"}],"about":[{"href":"https:\/\/www.info4escorts.be\/fr\/wp-json\/wp\/v2\/types\/page"}],"author":[{"embeddable":true,"href":"https:\/\/www.info4escorts.be\/fr\/wp-json\/wp\/v2\/users\/2"}],"replies":[{"embeddable":true,"href":"https:\/\/www.info4escorts.be\/fr\/wp-json\/wp\/v2\/comments?post=4540"}],"version-history":[{"count":26,"href":"https:\/\/www.info4escorts.be\/fr\/wp-json\/wp\/v2\/pages\/4540\/revisions"}],"predecessor-version":[{"id":19654,"href":"https:\/\/www.info4escorts.be\/fr\/wp-json\/wp\/v2\/pages\/4540\/revisions\/19654"}],"wp:attachment":[{"href":"https:\/\/www.info4escorts.be\/fr\/wp-json\/wp\/v2\/media?parent=4540"}],"curies":[{"name":"wp","href":"https:\/\/api.w.org\/{rel}","templated":true}]}}