{"id":4912,"date":"2019-02-12T12:55:23","date_gmt":"2019-02-12T10:55:23","guid":{"rendered":"https:\/\/www.info4escorts.be\/?page_id=4912"},"modified":"2025-07-26T08:44:37","modified_gmt":"2025-07-26T06:44:37","slug":"pruebas","status":"publish","type":"page","link":"https:\/\/www.info4escorts.be\/es\/pruebas\/","title":{"rendered":"PRUEBAS"},"content":{"rendered":"<p>[et_pb_section fb_built=\u00bb1&#8243; _builder_version=\u00bb4.16&#8243; background_color=\u00bb#f9f9f9&#8243; global_colors_info=\u00bb{}\u00bb][et_pb_row custom_padding_last_edited=\u00bbon|tablet\u00bb admin_label=\u00bbFila\u00bb module_id=\u00bbtesten\u00bb module_class=\u00bbdestination\u00bb _builder_version=\u00bb4.16&#8243; background_color=\u00bb#ffffff\u00bb background_size=\u00bbinitial\u00bb background_position=\u00bbtop_left\u00bb background_repeat=\u00bbrepeat\u00bb custom_margin=\u00bb20px|||\u00bb custom_padding=\u00bb25px|30px|25px|30px\u00bb custom_padding_tablet=\u00bb100px|30px|25px|30px\u00bb custom_padding_phone=\u00bb\u00bb global_colors_info=\u00bb{}\u00bb][et_pb_column type=\u00bb4_4&#8243; _builder_version=\u00bb4.16&#8243; custom_padding=\u00bb|||\u00bb global_colors_info=\u00bb{}\u00bb custom_padding__hover=\u00bb|||\u00bb][et_pb_text admin_label=\u00bbTESTEN &#8211; TESTS\u00bb _builder_version=\u00bb4.27.4&#8243; global_colors_info=\u00bb{}\u00bb]<\/p>\n<h3 class=\"Textbody\"><strong>PRUEBAS<\/strong><\/h3>\n<p>[\/et_pb_text][et_pb_divider divider_weight=\u00bb5&#8243; _builder_version=\u00bb4.16&#8243; max_width=\u00bb40px\u00bb height=\u00bb0px\u00bb custom_margin=\u00bb0px|||\u00bb global_colors_info=\u00bb{}\u00bb][\/et_pb_divider][et_pb_text admin_label=\u00bbWanneer waar &#8211; quand o\u00f9\u00bb _builder_version=\u00bb4.27.4&#8243; vertical_offset_tablet=\u00bb0&#8243; horizontal_offset_tablet=\u00bb0&#8243; hover_enabled=\u00bb0&#8243; z_index_tablet=\u00bb500&#8243; text_text_shadow_horizontal_length_tablet=\u00bb0px\u00bb text_text_shadow_vertical_length_tablet=\u00bb0px\u00bb text_text_shadow_blur_strength_tablet=\u00bb1px\u00bb link_text_shadow_horizontal_length_tablet=\u00bb0px\u00bb link_text_shadow_vertical_length_tablet=\u00bb0px\u00bb link_text_shadow_blur_strength_tablet=\u00bb1px\u00bb ul_text_shadow_horizontal_length_tablet=\u00bb0px\u00bb ul_text_shadow_vertical_length_tablet=\u00bb0px\u00bb ul_text_shadow_blur_strength_tablet=\u00bb1px\u00bb ol_text_shadow_horizontal_length_tablet=\u00bb0px\u00bb ol_text_shadow_vertical_length_tablet=\u00bb0px\u00bb ol_text_shadow_blur_strength_tablet=\u00bb1px\u00bb quote_text_shadow_horizontal_length_tablet=\u00bb0px\u00bb quote_text_shadow_vertical_length_tablet=\u00bb0px\u00bb quote_text_shadow_blur_strength_tablet=\u00bb1px\u00bb header_text_shadow_horizontal_length_tablet=\u00bb0px\u00bb header_text_shadow_vertical_length_tablet=\u00bb0px\u00bb header_text_shadow_blur_strength_tablet=\u00bb1px\u00bb header_2_text_shadow_horizontal_length_tablet=\u00bb0px\u00bb header_2_text_shadow_vertical_length_tablet=\u00bb0px\u00bb header_2_text_shadow_blur_strength_tablet=\u00bb1px\u00bb header_3_text_shadow_horizontal_length_tablet=\u00bb0px\u00bb header_3_text_shadow_vertical_length_tablet=\u00bb0px\u00bb header_3_text_shadow_blur_strength_tablet=\u00bb1px\u00bb header_4_text_shadow_horizontal_length_tablet=\u00bb0px\u00bb header_4_text_shadow_vertical_length_tablet=\u00bb0px\u00bb header_4_text_shadow_blur_strength_tablet=\u00bb1px\u00bb header_5_text_shadow_horizontal_length_tablet=\u00bb0px\u00bb header_5_text_shadow_vertical_length_tablet=\u00bb0px\u00bb header_5_text_shadow_blur_strength_tablet=\u00bb1px\u00bb header_6_text_shadow_horizontal_length_tablet=\u00bb0px\u00bb header_6_text_shadow_vertical_length_tablet=\u00bb0px\u00bb header_6_text_shadow_blur_strength_tablet=\u00bb1px\u00bb box_shadow_horizontal_tablet=\u00bb0px\u00bb box_shadow_vertical_tablet=\u00bb0px\u00bb box_shadow_blur_tablet=\u00bb40px\u00bb box_shadow_spread_tablet=\u00bb0px\u00bb global_colors_info=\u00bb{}\u00bb sticky_enabled=\u00bb0&#8243;]<\/p>\n<h5 class=\"p1\">\u00bfCu\u00e1ndo realizar la prueba?<\/h5>\n<ul>\n<li>Antes de que empieces a trabajar en el sexo:\n<ul>\n<li>Comienza con una prueba general de ITS\/VIH.<\/li>\n<li>Vac\u00fanate contra la hepatitis A y la hepatitis B.<\/li>\n<li>Hazte la prueba de la tuberculosis.<\/li>\n<\/ul>\n<\/li>\n<li>Si tienes s\u00edntomas de una ITS, crees que has contra\u00eddo el VIH o has tenido contacto inseguro, no esperes a hacerte la prueba<\/li>\n<\/ul>\n<h5>\u00bfD\u00f3nde?<\/h5>\n<ul>\n<li>Una prueba (peri\u00f3dica) de ITS\/VIH:\n<ul>\n<li>Donde tu m\u00e9dico de cabecera, en un centro m\u00e9dico o en un centro de ayuda.<\/li>\n<li>Donde organizaciones sociales para trabajadores (trabajadoras) sexuales:\n<ul>\n<li><a href=\"https:\/\/alias.brussels\/\" target=\"_blank\" rel=\"noopener\">ALIAS<\/a> BRUSELAS<\/li>\n<li><a href=\"http:\/\/www.boysproject.be\" target=\"_blank\" rel=\"noopener\">BOYSPROJECT<\/a> AMBERES<\/li>\n<li><a href=\"http:\/\/www.entre2wallonie.com\" target=\"_blank\" rel=\"noopener noreferrer\">ENTRE2<\/a> CHARLEROI<\/li>\n<li><a href=\"http:\/\/www.espacep.be\" target=\"_blank\" rel=\"noopener noreferrer\">ESPACE P<\/a> LI\u00c8GE BRUSELAS MONS CHARLEROI ARLON NAMUR<\/li>\n<li><a href=\"http:\/\/www.icar-wallonie.be\/notre-asbl\/permanences\/\" target=\"_blank\" rel=\"noopener noreferrer\">ICAR WALLONI\u00cb<\/a> LI\u00c8GE\u00a0 SERAING<\/li>\n<li><a href=\"https:\/\/www.violett.be\/nl\/laat-je-testen\/\" target=\"_blank\" rel=\"noopener noreferrer\">VIOLETT<\/a> AMBERES GANTE\u00a0 HASSELT<\/li>\n<\/ul>\n<\/li>\n<\/ul>\n<\/li>\n<li>Si est\u00e1s en riesgo de contraer el VIH, hazte una prueba r\u00e1pida del VIH:\n<ul>\n<li>El <a href=\"https:\/\/www.itg.be\/E\/helpcenter\" target=\"_blank\" rel=\"noopener noreferrer\">helpcenter<\/a> (centro de ayuda) del ITG en Amberes.<\/li>\n<li>El <a href=\"https:\/\/www.stpierre-bru.be\/nl\/diensten\/infectiologie\/elisa-centrum-hiv\/in-het-kort-331?lng=nl\" target=\"_blank\" rel=\"noopener noreferrer\">Elisacentrum<\/a> en Bruselas.<\/li>\n<\/ul>\n<\/li>\n<li>\u00bfHas tenido relaciones sexuales arriesgadas con un cliente de lo que sabes es VIH positivo?\n<ul>\n<li>Acude preferiblemente a un <a href=\"https:\/\/www.levenmethiv.be\/hulp\/aidsreferentiecentrum\" target=\"_blank\" rel=\"noopener noreferrer\">aidsreferentiecentrum<\/a> (centro de referencia sobre el SIDA) lo antes posible despu\u00e9s de la situaci\u00f3n de riesgo y preferiblemente dentro de las 48 horas.<\/li>\n<li>Puedes ser elegible para un\u00a0<a href=\"https:\/\/www2.cruzroja.es\/-\/profilaxis-post-exposicion-un-tratamiento-para-evitar-la-infeccion-de-vih\" target=\"_blank\" rel=\"noopener\">tratamiento de PEP<\/a><\/li>\n<\/ul>\n<\/li>\n<\/ul>\n<ul>\n<li>Si deseas hacerte la prueba del ITS\/VIH, puedes:\n<ul>\n<li>Pedir y realizar una prueba\u00a0<a href=\"https:\/\/www.test2know.eu\/\" target=\"_blank\" rel=\"noopener noreferrer\">Swab2know.<\/a><\/li>\n<li>Hacerte un autoexamen del VIH. Puedes comprarlos a un farmac\u00e9utico sin receta m\u00e9dica.<\/li>\n<\/ul>\n<\/li>\n<\/ul>\n<p>[\/et_pb_text][et_pb_video src=\u00bbhttps:\/\/youtu.be\/vWR9QrWimrI\u00bb _builder_version=\u00bb4.16&#8243; z_index_tablet=\u00bb500&#8243; box_shadow_horizontal_tablet=\u00bb0px\u00bb box_shadow_vertical_tablet=\u00bb0px\u00bb box_shadow_blur_tablet=\u00bb40px\u00bb box_shadow_spread_tablet=\u00bb0px\u00bb global_colors_info=\u00bb{}\u00bb][\/et_pb_video][et_pb_text admin_label=\u00bbVRGT\u00bb _builder_version=\u00bb4.16&#8243; vertical_offset_tablet=\u00bb0&#8243; horizontal_offset_tablet=\u00bb0&#8243; z_index_tablet=\u00bb0&#8243; text_text_shadow_horizontal_length_tablet=\u00bb0px\u00bb text_text_shadow_vertical_length_tablet=\u00bb0px\u00bb text_text_shadow_blur_strength_tablet=\u00bb1px\u00bb link_text_shadow_horizontal_length_tablet=\u00bb0px\u00bb link_text_shadow_vertical_length_tablet=\u00bb0px\u00bb link_text_shadow_blur_strength_tablet=\u00bb1px\u00bb ul_text_shadow_horizontal_length_tablet=\u00bb0px\u00bb ul_text_shadow_vertical_length_tablet=\u00bb0px\u00bb ul_text_shadow_blur_strength_tablet=\u00bb1px\u00bb ol_text_shadow_horizontal_length_tablet=\u00bb0px\u00bb ol_text_shadow_vertical_length_tablet=\u00bb0px\u00bb ol_text_shadow_blur_strength_tablet=\u00bb1px\u00bb quote_text_shadow_horizontal_length_tablet=\u00bb0px\u00bb quote_text_shadow_vertical_length_tablet=\u00bb0px\u00bb quote_text_shadow_blur_strength_tablet=\u00bb1px\u00bb header_text_shadow_horizontal_length_tablet=\u00bb0px\u00bb header_text_shadow_vertical_length_tablet=\u00bb0px\u00bb header_text_shadow_blur_strength_tablet=\u00bb1px\u00bb header_2_text_shadow_horizontal_length_tablet=\u00bb0px\u00bb header_2_text_shadow_vertical_length_tablet=\u00bb0px\u00bb header_2_text_shadow_blur_strength_tablet=\u00bb1px\u00bb header_3_text_shadow_horizontal_length_tablet=\u00bb0px\u00bb header_3_text_shadow_vertical_length_tablet=\u00bb0px\u00bb header_3_text_shadow_blur_strength_tablet=\u00bb1px\u00bb header_4_text_shadow_horizontal_length_tablet=\u00bb0px\u00bb header_4_text_shadow_vertical_length_tablet=\u00bb0px\u00bb header_4_text_shadow_blur_strength_tablet=\u00bb1px\u00bb header_5_text_shadow_horizontal_length_tablet=\u00bb0px\u00bb header_5_text_shadow_vertical_length_tablet=\u00bb0px\u00bb header_5_text_shadow_blur_strength_tablet=\u00bb1px\u00bb header_6_text_shadow_horizontal_length_tablet=\u00bb0px\u00bb header_6_text_shadow_vertical_length_tablet=\u00bb0px\u00bb header_6_text_shadow_blur_strength_tablet=\u00bb1px\u00bb box_shadow_horizontal_tablet=\u00bb0px\u00bb box_shadow_vertical_tablet=\u00bb0px\u00bb box_shadow_blur_tablet=\u00bb40px\u00bb box_shadow_spread_tablet=\u00bb0px\u00bb global_colors_info=\u00bb{}\u00bb]<\/p>\n<ul>\n<li>Puedes hacerte una prueba de tuberculosis con, por ejemplo, un\u00a0<a href=\"https:\/\/tuberculose.vrgt.be\/contact\" target=\"_blank\" rel=\"noopener noreferrer\">CRG<\/a> o\u00a0 <a href=\"https:\/\/www.fares.be\/\" target=\"_blank\" rel=\"noopener noreferrer\">Far\u00e8s.<\/a><\/li>\n<\/ul>\n<p>[\/et_pb_text][\/et_pb_column][\/et_pb_row][\/et_pb_section]<\/p>\n","protected":false},"excerpt":{"rendered":"<p>PRUEBAS\u00bfCu\u00e1ndo realizar la prueba? Antes de que empieces a trabajar en el sexo: Comienza con una prueba general de ITS\/VIH. Vac\u00fanate contra la hepatitis A y la hepatitis B. Hazte la prueba de la tuberculosis. Si tienes s\u00edntomas de una ITS, crees que has contra\u00eddo el VIH o has tenido contacto inseguro, no esperes a [&hellip;]<\/p>\n","protected":false},"author":2,"featured_media":0,"parent":0,"menu_order":37,"comment_status":"closed","ping_status":"closed","template":"","meta":{"_et_pb_use_builder":"on","_et_pb_old_content":"","_et_gb_content_width":"","footnotes":""},"class_list":["post-4912","page","type-page","status-publish","hentry"],"_links":{"self":[{"href":"https:\/\/www.info4escorts.be\/es\/wp-json\/wp\/v2\/pages\/4912","targetHints":{"allow":["GET"]}}],"collection":[{"href":"https:\/\/www.info4escorts.be\/es\/wp-json\/wp\/v2\/pages"}],"about":[{"href":"https:\/\/www.info4escorts.be\/es\/wp-json\/wp\/v2\/types\/page"}],"author":[{"embeddable":true,"href":"https:\/\/www.info4escorts.be\/es\/wp-json\/wp\/v2\/users\/2"}],"replies":[{"embeddable":true,"href":"https:\/\/www.info4escorts.be\/es\/wp-json\/wp\/v2\/comments?post=4912"}],"version-history":[{"count":20,"href":"https:\/\/www.info4escorts.be\/es\/wp-json\/wp\/v2\/pages\/4912\/revisions"}],"predecessor-version":[{"id":19665,"href":"https:\/\/www.info4escorts.be\/es\/wp-json\/wp\/v2\/pages\/4912\/revisions\/19665"}],"wp:attachment":[{"href":"https:\/\/www.info4escorts.be\/es\/wp-json\/wp\/v2\/media?parent=4912"}],"curies":[{"name":"wp","href":"https:\/\/api.w.org\/{rel}","templated":true}]}}